{"id":2206,"date":"2024-04-16T20:26:28","date_gmt":"2024-04-17T00:26:28","guid":{"rendered":"https:\/\/tekey.org\/?page_id=2206"},"modified":"2025-04-26T12:55:13","modified_gmt":"2025-04-26T16:55:13","slug":"home","status":"publish","type":"page","link":"https:\/\/tekey.org\/en\/","title":{"rendered":"Home"},"content":{"rendered":"\n<div class=\"slider-wrapper relative\" id=\"slider-164329737\" >\n    <div class=\"slider slider-nav-circle slider-nav-large slider-nav-light slider-style-normal\"\n        data-flickity-options='{\n            \"cellAlign\": \"center\",\n            \"imagesLoaded\": true,\n            \"lazyLoad\": 1,\n            \"freeScroll\": false,\n            \"wrapAround\": true,\n            \"autoPlay\": 6000,\n            \"pauseAutoPlayOnHover\" : true,\n            \"prevNextButtons\": true,\n            \"contain\" : true,\n            \"adaptiveHeight\" : true,\n            \"dragThreshold\" : 10,\n            \"percentPosition\": true,\n            \"pageDots\": true,\n            \"rightToLeft\": false,\n            \"draggable\": true,\n            \"selectedAttraction\": 0.1,\n            \"parallax\" : 0,\n            \"friction\": 0.6        }'\n        >\n        \n\n\n  <div class=\"banner has-hover is-full-height\" id=\"banner-41102215\">\n          <div class=\"banner-inner fill\">\n        <div class=\"banner-bg fill\" >\n            <img loading=\"lazy\" decoding=\"async\" width=\"2000\" height=\"1507\" src=\"https:\/\/tekey.org\/wp-content\/uploads\/2024\/04\/Tekey-Biblia-Versiculos-Palabra-de-Dios-Textos-biblicos-50-versiculos-mas-populares-Devocional-diario-4.jpg\" class=\"bg attachment-original size-original\" alt=\"Tekey Biblia Vers\u00edculos Palabra de Dios Textos bibl\u00edcos 50 vers\u00edculos m\u00e1s populares Devocional diario 4\" \/>                        <div class=\"overlay\"><\/div>            \n                    <\/div>\n\t\t\n        <div class=\"banner-layers container\">\n            <div class=\"fill banner-link\"><\/div>            \n\n   <div id=\"text-box-774732914\" class=\"text-box banner-layer x50 md-x50 lg-x50 y50 md-y50 lg-y50 res-text\">\n              <div data-parallax=\"-1\" data-parallax-fade=\"true\">       <div data-animate=\"bounceIn\">           <div class=\"text-box-content text dark\">\n              \n              <div class=\"text-inner text-center\">\n                  \n\n<p class=\"alt-font\"><span style=\"font-size: 200%;\">Explanation and reflection of<\/span><\/p>\n<h2 class=\"uppercase\"><strong><span style=\"font-size: 200%;\" data-line-height=\"xs\">Bible<\/span><\/strong><\/h2>\n<h3 class=\"lead uppercase\">Most read verses<\/h3>\n<a href=\"https:\/\/tekey.org\/en\/revelation-3-20-are-you-saved-the-bible-has-the-answer\/\" class=\"button primary\"  style=\"border-radius:99px;\">\n\t\t<span>See more<\/span>\n\t<\/a>\n\n\n\n              <\/div>\n           <\/div>\n       <\/div>       <\/div>              \n<style>\n#text-box-774732914 {\n  width: 80%;\n}\n#text-box-774732914 .text-box-content {\n  font-size: 100%;\n}\n@media (min-width:550px) {\n  #text-box-774732914 {\n    width: 52%;\n  }\n}\n<\/style>\n    <\/div>\n \n\n        <\/div>\n      <\/div>\n\n            \n<style>\n#banner-41102215 {\n  padding-top: 100%;\n}\n#banner-41102215 .overlay {\n  background-color: rgba(0, 0, 0, 0.424);\n}\n#banner-41102215 .banner-bg img {\n  object-position: 51% 59%;\n}\n<\/style>\n  <\/div>\n\n\n\n     <\/div>\n\n     <div class=\"loading-spin dark large centered\"><\/div>\n\n\t<\/div>\n\n\n\n","protected":false},"excerpt":{"rendered":"","protected":false},"author":1,"featured_media":1952,"parent":0,"menu_order":1,"comment_status":"closed","ping_status":"closed","template":"page-transparent-header-light.php","meta":{"footnotes":""},"class_list":["post-2206","page","type-page","status-publish","has-post-thumbnail","hentry"],"_links":{"self":[{"href":"https:\/\/tekey.org\/en\/wp-json\/wp\/v2\/pages\/2206","targetHints":{"allow":["GET"]}}],"collection":[{"href":"https:\/\/tekey.org\/en\/wp-json\/wp\/v2\/pages"}],"about":[{"href":"https:\/\/tekey.org\/en\/wp-json\/wp\/v2\/types\/page"}],"author":[{"embeddable":true,"href":"https:\/\/tekey.org\/en\/wp-json\/wp\/v2\/users\/1"}],"replies":[{"embeddable":true,"href":"https:\/\/tekey.org\/en\/wp-json\/wp\/v2\/comments?post=2206"}],"version-history":[{"count":6,"href":"https:\/\/tekey.org\/en\/wp-json\/wp\/v2\/pages\/2206\/revisions"}],"predecessor-version":[{"id":4718,"href":"https:\/\/tekey.org\/en\/wp-json\/wp\/v2\/pages\/2206\/revisions\/4718"}],"wp:featuredmedia":[{"embeddable":true,"href":"https:\/\/tekey.org\/en\/wp-json\/wp\/v2\/media\/1952"}],"wp:attachment":[{"href":"https:\/\/tekey.org\/en\/wp-json\/wp\/v2\/media?parent=2206"}],"curies":[{"name":"wp","href":"https:\/\/api.w.org\/{rel}","templated":true}]}}