{"id":2546,"date":"2024-06-09T17:27:40","date_gmt":"2024-06-09T21:27:40","guid":{"rendered":"https:\/\/tekey.org\/?page_id=2546"},"modified":"2024-06-09T18:03:57","modified_gmt":"2024-06-09T22:03:57","slug":"50-best-christian-movies","status":"publish","type":"page","link":"https:\/\/tekey.org\/en\/50-best-christian-movies\/","title":{"rendered":"50 Best Christian Movies"},"content":{"rendered":"\n\n\t<section class=\"section\" id=\"section_1921717320\">\n\t\t<div class=\"section-bg fill\" >\n\t\t\t\t\t\t\t\t\t\n\t\t\t\n\n\t\t<\/div>\n\n\t\t\n\n\t\t<div class=\"section-content relative\">\n\t\t\t\n\n<div class=\"row row-collapse row-full-width\"  id=\"row-127487233\">\n\n\n\t<div id=\"col-818715313\" class=\"col small-12 large-12\"  >\n\t\t\t\t<div class=\"col-inner text-left dark\" style=\"background-color:rgb(0,0,0);\" >\n\t\t\t\n\t\t\t\n\n\t<div id=\"text-3963472608\" class=\"text\">\n\t\t\n\n<h1>50 Best Christian Movies<\/h1>\n\n\t\t\n<style>\n#text-3963472608 {\n  font-size: 1.1rem;\n  line-height: 1.25;\n  text-align: left;\n  color: rgb(246, 211, 129);\n}\n#text-3963472608 > * {\n  color: rgb(246, 211, 129);\n}\n@media (min-width:550px) {\n  #text-3963472608 {\n    font-size: 1.4rem;\n    line-height: 1.45;\n  }\n}\n@media (min-width:850px) {\n  #text-3963472608 {\n    font-size: 1.25rem;\n  }\n}\n<\/style>\n\t<\/div>\n\t\n\t<div id=\"text-232891956\" class=\"text\">\n\t\t\n\n<h2>(Full movies with Bible teachings)<\/h2>\n\t\t\n<style>\n#text-232891956 {\n  font-size: 0.9rem;\n  line-height: 0.75;\n  text-align: left;\n  color: rgb(224, 153, 0);\n}\n#text-232891956 > * {\n  color: rgb(224, 153, 0);\n}\n@media (min-width:550px) {\n  #text-232891956 {\n    font-size: 0.95rem;\n    line-height: 1.45;\n  }\n}\n@media (min-width:850px) {\n  #text-232891956 {\n    font-size: 0.75rem;\n  }\n}\n<\/style>\n\t<\/div>\n\t\n\n\t\t<\/div>\n\t\t\t\t\n<style>\n#col-818715313 > .col-inner {\n  padding: 50px 25px 40px 30px;\n}\n@media (min-width:550px) {\n  #col-818715313 > .col-inner {\n    padding: 60px 40px 50px 50px;\n  }\n}\n@media (min-width:850px) {\n  #col-818715313 > .col-inner {\n    padding: 60px 100px 50px 100px;\n  }\n}\n<\/style>\n\t<\/div>\n\n\t\n\n\n<style>\n#row-127487233 > .col > .col-inner {\n  background-color: #273647;\n}\n<\/style>\n<\/div>\n\t<div class=\"img has-hover x md-x lg-x y md-y lg-y\" id=\"image_57381812\">\n\t\t\t\t\t\t\t\t<div class=\"img-inner image-cover dark\" style=\"padding-top:0px;margin:3px 0px 0px 0px;\">\n\t\t\t<img loading=\"lazy\" decoding=\"async\" width=\"500\" height=\"101\" src=\"https:\/\/tekey.org\/wp-content\/uploads\/2023\/12\/Tekey-Art-Disenos-Archivos-imprimibles-PNG-SVG-EPS-AI-CDR-Frases-Versiculos-para-remeras-tazas-carteles-stickers-calcomanias-vasos-cortinas-2.png\" class=\"attachment-original size-original\" alt=\"Tekey Art Dise\u00f1os Archivos imprimibles PNG SVG EPS AI CDR Frases Vers\u00edculos para remeras, tazas, carteles, stickers, calcoman\u00edas, vasos, cortinas\" \/>\t\t\t\t\t\t\n\t\t\t\t\t<\/div>\n\t\t\t\t\t\t\t\t\n<style>\n#image_57381812 {\n  width: 100%;\n}\n<\/style>\n\t<\/div>\n\t\n\n\t\n  \n    <div class=\"row large-columns-6 medium-columns-4 small-columns-2 row-xsmall row-full-width\" >\n  <\/div>\n\n\n\t\t<\/div>\n\n\t\t\n<style>\n#section_1921717320 {\n  padding-top: 0px;\n  padding-bottom: 0px;\n}\n<\/style>\n\t<\/section>\n\t\n\n\t<section class=\"section\" id=\"section_1317291235\">\n\t\t<div class=\"section-bg fill\" >\n\t\t\t<img loading=\"lazy\" decoding=\"async\" width=\"2000\" height=\"1331\" src=\"https:\/\/tekey.org\/wp-content\/uploads\/2024\/06\/50-Best-Christian-Movies-Full-movies-with-Bible-teachings-Films-Faith-Family-Inspiring-3.jpg\" class=\"bg attachment- size-\" alt=\"50 Best Christian Movies - Full movies with Bible teachings Films Faith Family Inspiring\" \/>\t\t\t\t\t\t\n\t\t\t\n\n\t\t<\/div>\n\n\t\t\n\n\t\t<div class=\"section-content relative\">\n\t\t\t\n\n\t<div id=\"gap-1251325143\" class=\"gap-element clearfix\" style=\"display:block; height:auto;\">\n\t\t\n<style>\n#gap-1251325143 {\n  padding-top: 100px;\n}\n@media (min-width:550px) {\n  #gap-1251325143 {\n    padding-top: 100px;\n  }\n}\n@media (min-width:850px) {\n  #gap-1251325143 {\n    padding-top: 30px;\n  }\n}\n<\/style>\n\t<\/div>\n\t\n\n<div class=\"row row-large align-middle align-center\" style=\"max-width:1300px\" id=\"row-1955943553\">\n\n\n\t<div id=\"col-367531549\" class=\"col small-12 large-12\"  >\n\t\t\t\t<div class=\"col-inner dark\"  >\n\t\t\t\n\t\t\t\n\n\t<div id=\"text-2760082891\" class=\"text\">\n\t\t\n\n<h1>50 Best Christian Movies<\/h1>\n\t\t\n<style>\n#text-2760082891 {\n  font-size: 1.2rem;\n  text-align: left;\n  color: rgb(246, 211, 129);\n}\n#text-2760082891 > * {\n  color: rgb(246, 211, 129);\n}\n@media (min-width:550px) {\n  #text-2760082891 {\n    font-size: 1.55rem;\n  }\n}\n@media (min-width:850px) {\n  #text-2760082891 {\n    font-size: 1.4rem;\n  }\n}\n<\/style>\n\t<\/div>\n\t\n\t<div id=\"text-198253841\" class=\"text\">\n\t\t\n\n<h2>(Full movies with Bible teachings)<\/h2>\n\t\t\n<style>\n#text-198253841 {\n  font-size: 0.9rem;\n  text-align: left;\n  color: rgb(224, 153, 0);\n}\n#text-198253841 > * {\n  color: rgb(224, 153, 0);\n}\n@media (min-width:550px) {\n  #text-198253841 {\n    font-size: 1rem;\n  }\n}\n@media (min-width:850px) {\n  #text-198253841 {\n    font-size: 0.85rem;\n  }\n}\n<\/style>\n\t<\/div>\n\t\n\t<div id=\"gap-1039656341\" class=\"gap-element clearfix\" style=\"display:block; height:auto;\">\n\t\t\n<style>\n#gap-1039656341 {\n  padding-top: 30px;\n}\n<\/style>\n\t<\/div>\n\t\n\n\t<div id=\"text-2535526485\" class=\"text\">\n\t\t\n\n<p>Welcome to our ultimate guide to the <strong>50 Best Christian Movies<\/strong>! If you&#8217;re looking for a collection of inspiring, faith-based films that bring the Bible to life, you&#8217;ve come to the right place. These movies not only entertain but also educate and inspire, offering a unique opportunity to delve deeper into biblical stories, teachings, and values. Each film on our list has been carefully selected for its powerful message, exceptional storytelling, and ability to strengthen your faith.<\/p>\n<p>The <strong>50 Best Christian Movies<\/strong> on our list capture the essence of biblical narratives, bringing to life the profound lessons and eternal truths contained within the Bible.<\/p>\n\t\t\n<style>\n#text-2535526485 {\n  font-size: 1.05rem;\n  line-height: 1.4;\n  text-align: left;\n}\n@media (min-width:550px) {\n  #text-2535526485 {\n    font-size: 1.25rem;\n  }\n}\n@media (min-width:850px) {\n  #text-2535526485 {\n    font-size: 1.2rem;\n  }\n}\n<\/style>\n\t<\/div>\n\t\n\n\t\t<\/div>\n\t\t\t\t\n<style>\n#col-367531549 > .col-inner {\n  padding: 0px 15px 0px 10px;\n}\n@media (min-width:550px) {\n  #col-367531549 > .col-inner {\n    padding: 0px 50px 0px 50px;\n  }\n}\n@media (min-width:850px) {\n  #col-367531549 > .col-inner {\n    padding: 0px 100px 0px 70px;\n  }\n}\n<\/style>\n\t<\/div>\n\n\t\n\n<\/div>\n\n\t\t<\/div>\n\n\t\t\n<style>\n#section_1317291235 {\n  padding-top: 30px;\n  padding-bottom: 30px;\n  min-height: 350px;\n}\n#section_1317291235 .section-bg img {\n  object-position: 59% 54%;\n}\n@media (min-width:550px) {\n  #section_1317291235 {\n    min-height: 500px;\n  }\n}\n@media (min-width:850px) {\n  #section_1317291235 {\n    min-height: 700px;\n  }\n}\n<\/style>\n\t<\/section>\n\t\n\n\t<section class=\"section\" id=\"section_1572099395\">\n\t\t<div class=\"section-bg fill\" >\n\t\t\t<img loading=\"lazy\" decoding=\"async\" width=\"2000\" height=\"1333\" src=\"https:\/\/tekey.org\/wp-content\/uploads\/2024\/06\/50-Best-Christian-Movies-Full-movies-with-Bible-teachings-Films-Faith-Family-Inspiring-2.jpg\" class=\"bg attachment- size-\" alt=\"50 Best Christian Movies - Full movies with Bible teachings Films Faith Family Inspiring\" \/>\t\t\t\t\t\t<div class=\"section-bg-overlay absolute fill\"><\/div>\n\t\t\t\n\n\t\t<\/div>\n\n\t\t\n\n\t\t<div class=\"section-content relative\">\n\t\t\t\n\n<div class=\"row row-large align-middle align-center\" style=\"max-width:1300px\" id=\"row-1242415794\">\n\n\n\t<div id=\"col-1851831927\" class=\"col small-12 large-12\"  >\n\t\t\t\t<div class=\"col-inner dark\"  >\n\t\t\t\n\t\t\t\n\n\t<div id=\"gap-329695905\" class=\"gap-element clearfix\" style=\"display:block; height:auto;\">\n\t\t\n<style>\n#gap-329695905 {\n  padding-top: 60px;\n}\n@media (min-width:550px) {\n  #gap-329695905 {\n    padding-top: 60px;\n  }\n}\n@media (min-width:850px) {\n  #gap-329695905 {\n    padding-top: 5px;\n  }\n}\n<\/style>\n\t<\/div>\n\t\n\n\t<div id=\"text-168391736\" class=\"text\">\n\t\t\n\n<h1>Discover the Power of Biblical Stories<\/h1>\n\t\t\n<style>\n#text-168391736 {\n  font-size: 1.2rem;\n  text-align: left;\n  color: rgb(246, 211, 129);\n}\n#text-168391736 > * {\n  color: rgb(246, 211, 129);\n}\n@media (min-width:550px) {\n  #text-168391736 {\n    font-size: 1.55rem;\n  }\n}\n@media (min-width:850px) {\n  #text-168391736 {\n    font-size: 1.4rem;\n  }\n}\n<\/style>\n\t<\/div>\n\t\n\t<div id=\"text-1524154044\" class=\"text\">\n\t\t\n\n<h2>(Full movies with Bible teachings)<\/h2>\n\t\t\n<style>\n#text-1524154044 {\n  font-size: 0.9rem;\n  text-align: left;\n  color: rgb(224, 153, 0);\n}\n#text-1524154044 > * {\n  color: rgb(224, 153, 0);\n}\n@media (min-width:550px) {\n  #text-1524154044 {\n    font-size: 1rem;\n  }\n}\n@media (min-width:850px) {\n  #text-1524154044 {\n    font-size: 0.85rem;\n  }\n}\n<\/style>\n\t<\/div>\n\t\n\t<div id=\"gap-1556582107\" class=\"gap-element clearfix\" style=\"display:block; height:auto;\">\n\t\t\n<style>\n#gap-1556582107 {\n  padding-top: 30px;\n}\n<\/style>\n\t<\/div>\n\t\n\n\t<div id=\"text-3638134107\" class=\"text\">\n\t\t\n\n<p>The Bible is a treasure trove of wisdom, hope, and guidance. Its stories have been told and retold for centuries, shaping the lives and faith of countless individuals. What better way to experience these timeless tales than through the medium of film? The <strong>50 Best Christian Movies<\/strong> on our list capture the essence of biblical narratives, bringing to life the profound lessons and eternal truths contained within the Bible.<\/p>\n\t\t\n<style>\n#text-3638134107 {\n  font-size: 1.05rem;\n  line-height: 1.4;\n  text-align: left;\n}\n@media (min-width:550px) {\n  #text-3638134107 {\n    font-size: 1.25rem;\n  }\n}\n@media (min-width:850px) {\n  #text-3638134107 {\n    font-size: 1.2rem;\n  }\n}\n<\/style>\n\t<\/div>\n\t\n\n\t\t<\/div>\n\t\t\t\t\n<style>\n#col-1851831927 > .col-inner {\n  padding: 0px 15px 0px 10px;\n}\n@media (min-width:550px) {\n  #col-1851831927 > .col-inner {\n    padding: 0px 50px 0px 50px;\n  }\n}\n@media (min-width:850px) {\n  #col-1851831927 > .col-inner {\n    padding: 0px 100px 0px 70px;\n  }\n}\n<\/style>\n\t<\/div>\n\n\t\n\n<\/div>\n\n\t\t<\/div>\n\n\t\t\n<style>\n#section_1572099395 {\n  padding-top: 30px;\n  padding-bottom: 30px;\n  min-height: 350px;\n}\n#section_1572099395 .section-bg-overlay {\n  background-color: rgba(0, 0, 0, 0.529);\n}\n#section_1572099395 .section-bg img {\n  object-position: 48% 56%;\n}\n@media (min-width:550px) {\n  #section_1572099395 {\n    min-height: 500px;\n  }\n}\n@media (min-width:850px) {\n  #section_1572099395 {\n    min-height: 700px;\n  }\n}\n<\/style>\n\t<\/section>\n\t\n\n\t<section class=\"section\" id=\"section_2083764627\">\n\t\t<div class=\"section-bg fill\" >\n\t\t\t\t\t\t\t\t\t\n\t\t\t\n\n\t\t<\/div>\n\n\t\t\n\n\t\t<div class=\"section-content relative\">\n\t\t\t\n\n<div class=\"row row-large align-middle align-center\" style=\"max-width:1300px\" id=\"row-1940352734\">\n\n\n\t<div id=\"col-1122697133\" class=\"col small-12 large-12\"  >\n\t\t\t\t<div class=\"col-inner dark\"  >\n\t\t\t\n\t\t\t\n\n\t<div id=\"gap-1489749975\" class=\"gap-element clearfix\" style=\"display:block; height:auto;\">\n\t\t\n<style>\n#gap-1489749975 {\n  padding-top: 60px;\n}\n@media (min-width:550px) {\n  #gap-1489749975 {\n    padding-top: 60px;\n  }\n}\n@media (min-width:850px) {\n  #gap-1489749975 {\n    padding-top: 5px;\n  }\n}\n<\/style>\n\t<\/div>\n\t\n\n\t<div id=\"text-2438203804\" class=\"text\">\n\t\t\n\n<h1>Why Watch Christian Movies?<\/h1>\n\t\t\n<style>\n#text-2438203804 {\n  font-size: 1.2rem;\n  text-align: left;\n  color: rgb(246, 211, 129);\n}\n#text-2438203804 > * {\n  color: rgb(246, 211, 129);\n}\n@media (min-width:550px) {\n  #text-2438203804 {\n    font-size: 1.55rem;\n  }\n}\n@media (min-width:850px) {\n  #text-2438203804 {\n    font-size: 1.4rem;\n  }\n}\n<\/style>\n\t<\/div>\n\t\n\t<div id=\"text-1794778001\" class=\"text\">\n\t\t\n\n<h2>Christian movies offer more than just entertainment. They are a way to:<\/h2>\n\t\t\n<style>\n#text-1794778001 {\n  font-size: 0.9rem;\n  text-align: left;\n  color: rgb(224, 153, 0);\n}\n#text-1794778001 > * {\n  color: rgb(224, 153, 0);\n}\n@media (min-width:550px) {\n  #text-1794778001 {\n    font-size: 1rem;\n  }\n}\n@media (min-width:850px) {\n  #text-1794778001 {\n    font-size: 0.85rem;\n  }\n}\n<\/style>\n\t<\/div>\n\t\n\t<div id=\"gap-457099179\" class=\"gap-element clearfix\" style=\"display:block; height:auto;\">\n\t\t\n<style>\n#gap-457099179 {\n  padding-top: 30px;\n}\n<\/style>\n\t<\/div>\n\t\n\n\t<div id=\"text-3204969484\" class=\"text\">\n\t\t\n\n<ul>\n<li><strong>Deepen Your Faith<\/strong>: These films provide a visual and emotional experience that can deepen your understanding of biblical principles and strengthen your relationship with God.<\/li>\n<li><strong>Share with Others<\/strong>: Watching a Christian movie can be a great way to share your faith with family and friends. It opens up conversations about God, the Bible, and how to live a life of faith.<\/li>\n<li><strong>Find Inspiration<\/strong>: The stories of biblical heroes, martyrs, and everyday believers depicted in these films can inspire you to live a more devoted and purpose-driven life.<\/li>\n<li><strong>Learn Biblical Lessons<\/strong>: Through the drama and emotion of film, complex biblical teachings and parables become more relatable and easier to understand.<\/li>\n<\/ul>\n\t\t\n<style>\n#text-3204969484 {\n  font-size: 1.05rem;\n  line-height: 1.4;\n  text-align: left;\n}\n@media (min-width:550px) {\n  #text-3204969484 {\n    font-size: 1.25rem;\n  }\n}\n@media (min-width:850px) {\n  #text-3204969484 {\n    font-size: 1.2rem;\n  }\n}\n<\/style>\n\t<\/div>\n\t\n\n\t\t<\/div>\n\t\t\t\t\n<style>\n#col-1122697133 > .col-inner {\n  padding: 0px 15px 0px 10px;\n}\n@media (min-width:550px) {\n  #col-1122697133 > .col-inner {\n    padding: 0px 50px 0px 50px;\n  }\n}\n@media (min-width:850px) {\n  #col-1122697133 > .col-inner {\n    padding: 0px 100px 0px 70px;\n  }\n}\n<\/style>\n\t<\/div>\n\n\t\n\n<\/div>\n\n\t\t<\/div>\n\n\t\t\n<style>\n#section_2083764627 {\n  padding-top: 30px;\n  padding-bottom: 30px;\n  min-height: 350px;\n  background-color: rgb(0,0,0);\n}\n@media (min-width:550px) {\n  #section_2083764627 {\n    min-height: 500px;\n  }\n}\n@media (min-width:850px) {\n  #section_2083764627 {\n    min-height: 700px;\n  }\n}\n<\/style>\n\t<\/section>\n\t\n\n\t<section class=\"section\" id=\"section_1985919966\">\n\t\t<div class=\"section-bg fill\" >\n\t\t\t<img loading=\"lazy\" decoding=\"async\" width=\"2000\" height=\"1333\" src=\"https:\/\/tekey.org\/wp-content\/uploads\/2024\/06\/50-Best-Christian-Movies-Full-movies-with-Bible-teachings-Films-Faith-Family-Inspiring-4.jpg\" class=\"bg attachment- size-\" alt=\"50 Best Christian Movies - Full movies with Bible teachings Films Faith Family Inspiring 4\" \/>\t\t\t\t\t\t<div class=\"section-bg-overlay absolute fill\"><\/div>\n\t\t\t\n\n\t\t<\/div>\n\n\t\t\n\n\t\t<div class=\"section-content relative\">\n\t\t\t\n\n<div class=\"row row-large align-middle align-center\" style=\"max-width:1300px\" id=\"row-214484601\">\n\n\n\t<div id=\"col-1521007486\" class=\"col small-12 large-12\"  >\n\t\t\t\t<div class=\"col-inner dark\"  >\n\t\t\t\n\t\t\t\n\n\t<div id=\"gap-888495300\" class=\"gap-element clearfix\" style=\"display:block; height:auto;\">\n\t\t\n<style>\n#gap-888495300 {\n  padding-top: 60px;\n}\n@media (min-width:550px) {\n  #gap-888495300 {\n    padding-top: 60px;\n  }\n}\n@media (min-width:850px) {\n  #gap-888495300 {\n    padding-top: 5px;\n  }\n}\n<\/style>\n\t<\/div>\n\t\n\n\t<div id=\"text-2478172490\" class=\"text\">\n\t\t\n\n<h1>What Makes These Movies Special?<\/h1>\n\t\t\n<style>\n#text-2478172490 {\n  font-size: 1.2rem;\n  text-align: left;\n  color: rgb(246, 211, 129);\n}\n#text-2478172490 > * {\n  color: rgb(246, 211, 129);\n}\n@media (min-width:550px) {\n  #text-2478172490 {\n    font-size: 1.55rem;\n  }\n}\n@media (min-width:850px) {\n  #text-2478172490 {\n    font-size: 1.4rem;\n  }\n}\n<\/style>\n\t<\/div>\n\t\n\t<div id=\"text-1129627667\" class=\"text\">\n\t\t\n\n<h2>(Full movies with Bible teachings)<\/h2>\n\t\t\n<style>\n#text-1129627667 {\n  font-size: 0.9rem;\n  text-align: left;\n  color: rgb(224, 153, 0);\n}\n#text-1129627667 > * {\n  color: rgb(224, 153, 0);\n}\n@media (min-width:550px) {\n  #text-1129627667 {\n    font-size: 1rem;\n  }\n}\n@media (min-width:850px) {\n  #text-1129627667 {\n    font-size: 0.85rem;\n  }\n}\n<\/style>\n\t<\/div>\n\t\n\t<div id=\"gap-661141336\" class=\"gap-element clearfix\" style=\"display:block; height:auto;\">\n\t\t\n<style>\n#gap-661141336 {\n  padding-top: 30px;\n}\n<\/style>\n\t<\/div>\n\t\n\n\t<div id=\"text-3190939201\" class=\"text\">\n\t\t\n\n<p>Our selection of the <strong>50 Best Christian Movies<\/strong> spans a variety of genres and styles, ensuring that there is something for everyone. From epic biblical dramas to modern-day stories of faith, each movie offers a unique perspective on Christian life and values. These films are not only beautifully crafted but also stay true to the essence of the Bible, making them a valuable resource for anyone looking to explore their faith through cinema.<\/p>\n\t\t\n<style>\n#text-3190939201 {\n  font-size: 1.05rem;\n  line-height: 1.4;\n  text-align: left;\n}\n@media (min-width:550px) {\n  #text-3190939201 {\n    font-size: 1.25rem;\n  }\n}\n@media (min-width:850px) {\n  #text-3190939201 {\n    font-size: 1.2rem;\n  }\n}\n<\/style>\n\t<\/div>\n\t\n\n\t\t<\/div>\n\t\t\t\t\n<style>\n#col-1521007486 > .col-inner {\n  padding: 0px 15px 0px 10px;\n}\n@media (min-width:550px) {\n  #col-1521007486 > .col-inner {\n    padding: 0px 50px 0px 50px;\n  }\n}\n@media (min-width:850px) {\n  #col-1521007486 > .col-inner {\n    padding: 0px 100px 0px 70px;\n  }\n}\n<\/style>\n\t<\/div>\n\n\t\n\n<\/div>\n\n\t\t<\/div>\n\n\t\t\n<style>\n#section_1985919966 {\n  padding-top: 30px;\n  padding-bottom: 30px;\n  min-height: 350px;\n}\n#section_1985919966 .section-bg-overlay {\n  background-color: rgba(0, 0, 0, 0.529);\n}\n#section_1985919966 .section-bg img {\n  object-position: 48% 56%;\n}\n@media (min-width:550px) {\n  #section_1985919966 {\n    min-height: 500px;\n  }\n}\n@media (min-width:850px) {\n  #section_1985919966 {\n    min-height: 700px;\n  }\n}\n<\/style>\n\t<\/section>\n\t\n\n\t<section class=\"section\" id=\"section_1911838159\">\n\t\t<div class=\"section-bg fill\" >\n\t\t\t\t\t\t\t\t\t\n\t\t\t\n\n\t\t<\/div>\n\n\t\t\n\n\t\t<div class=\"section-content relative\">\n\t\t\t\n\n<div class=\"row row-large align-middle align-center\" style=\"max-width:1300px\" id=\"row-1874953914\">\n\n\n\t<div id=\"col-1172949170\" class=\"col small-12 large-12\"  >\n\t\t\t\t<div class=\"col-inner dark\"  >\n\t\t\t\n\t\t\t\n\n\t<div id=\"gap-1264433343\" class=\"gap-element clearfix\" style=\"display:block; height:auto;\">\n\t\t\n<style>\n#gap-1264433343 {\n  padding-top: 60px;\n}\n@media (min-width:550px) {\n  #gap-1264433343 {\n    padding-top: 60px;\n  }\n}\n@media (min-width:850px) {\n  #gap-1264433343 {\n    padding-top: 5px;\n  }\n}\n<\/style>\n\t<\/div>\n\t\n\n\t<div id=\"text-3765964536\" class=\"text\">\n\t\t\n\n<h1>Join Our Community<\/h1>\n\t\t\n<style>\n#text-3765964536 {\n  font-size: 1.2rem;\n  text-align: left;\n  color: rgb(246, 211, 129);\n}\n#text-3765964536 > * {\n  color: rgb(246, 211, 129);\n}\n@media (min-width:550px) {\n  #text-3765964536 {\n    font-size: 1.55rem;\n  }\n}\n@media (min-width:850px) {\n  #text-3765964536 {\n    font-size: 1.4rem;\n  }\n}\n<\/style>\n\t<\/div>\n\t\n\t<div id=\"text-1323605602\" class=\"text\">\n\t\t\n\n<h2>Start Exploring Now!<\/h2>\n\t\t\n<style>\n#text-1323605602 {\n  font-size: 0.9rem;\n  text-align: left;\n  color: rgb(224, 153, 0);\n}\n#text-1323605602 > * {\n  color: rgb(224, 153, 0);\n}\n@media (min-width:550px) {\n  #text-1323605602 {\n    font-size: 1rem;\n  }\n}\n@media (min-width:850px) {\n  #text-1323605602 {\n    font-size: 0.85rem;\n  }\n}\n<\/style>\n\t<\/div>\n\t\n\t<div id=\"gap-1087975777\" class=\"gap-element clearfix\" style=\"display:block; height:auto;\">\n\t\t\n<style>\n#gap-1087975777 {\n  padding-top: 30px;\n}\n<\/style>\n\t<\/div>\n\t\n\n\t<div id=\"text-4103193834\" class=\"text\">\n\t\t\n\n<p>We invite you to join our community of Christian movie lovers. Share your thoughts on these films, suggest your favorites, and engage in discussions about how these movies have impacted your faith. Together, we can celebrate the richness of biblical storytelling and its ability to transform lives through the medium of film.<\/p>\n<p>So, what are you waiting for? Dive into our list of the <strong>50 Best Christian Movies<\/strong> and discover the profound impact that biblical stories can have on your life. Experience the Bible like never before through these incredible films.<\/p>\n\t\t\n<style>\n#text-4103193834 {\n  font-size: 1.05rem;\n  line-height: 1.4;\n  text-align: left;\n}\n@media (min-width:550px) {\n  #text-4103193834 {\n    font-size: 1.25rem;\n  }\n}\n@media (min-width:850px) {\n  #text-4103193834 {\n    font-size: 1.2rem;\n  }\n}\n<\/style>\n\t<\/div>\n\t\n\n\t\t<\/div>\n\t\t\t\t\n<style>\n#col-1172949170 > .col-inner {\n  padding: 0px 15px 0px 10px;\n}\n@media (min-width:550px) {\n  #col-1172949170 > .col-inner {\n    padding: 0px 50px 0px 50px;\n  }\n}\n@media (min-width:850px) {\n  #col-1172949170 > .col-inner {\n    padding: 0px 100px 0px 70px;\n  }\n}\n<\/style>\n\t<\/div>\n\n\t\n\n<\/div>\n\n\t\t<\/div>\n\n\t\t\n<style>\n#section_1911838159 {\n  padding-top: 30px;\n  padding-bottom: 30px;\n  min-height: 350px;\n  background-color: rgb(0, 0, 0);\n}\n@media (min-width:550px) {\n  #section_1911838159 {\n    min-height: 500px;\n  }\n}\n@media (min-width:850px) {\n  #section_1911838159 {\n    min-height: 700px;\n  }\n}\n<\/style>\n\t<\/section>\n\t\n\n","protected":false},"excerpt":{"rendered":"","protected":false},"author":1,"featured_media":2549,"parent":0,"menu_order":0,"comment_status":"closed","ping_status":"closed","template":"page-blank.php","meta":{"footnotes":""},"class_list":["post-2546","page","type-page","status-publish","has-post-thumbnail","hentry"],"_links":{"self":[{"href":"https:\/\/tekey.org\/en\/wp-json\/wp\/v2\/pages\/2546","targetHints":{"allow":["GET"]}}],"collection":[{"href":"https:\/\/tekey.org\/en\/wp-json\/wp\/v2\/pages"}],"about":[{"href":"https:\/\/tekey.org\/en\/wp-json\/wp\/v2\/types\/page"}],"author":[{"embeddable":true,"href":"https:\/\/tekey.org\/en\/wp-json\/wp\/v2\/users\/1"}],"replies":[{"embeddable":true,"href":"https:\/\/tekey.org\/en\/wp-json\/wp\/v2\/comments?post=2546"}],"version-history":[{"count":3,"href":"https:\/\/tekey.org\/en\/wp-json\/wp\/v2\/pages\/2546\/revisions"}],"predecessor-version":[{"id":2552,"href":"https:\/\/tekey.org\/en\/wp-json\/wp\/v2\/pages\/2546\/revisions\/2552"}],"wp:featuredmedia":[{"embeddable":true,"href":"https:\/\/tekey.org\/en\/wp-json\/wp\/v2\/media\/2549"}],"wp:attachment":[{"href":"https:\/\/tekey.org\/en\/wp-json\/wp\/v2\/media?parent=2546"}],"curies":[{"name":"wp","href":"https:\/\/api.w.org\/{rel}","templated":true}]}}